{"id":2160,"date":"2021-08-14T22:24:43","date_gmt":"2021-08-14T20:24:43","guid":{"rendered":"https:\/\/esgee-oran.dz\/new\/?page_id=2160"},"modified":"2021-08-14T22:47:32","modified_gmt":"2021-08-14T20:47:32","slug":"membres","status":"publish","type":"page","link":"https:\/\/esgee-oran.dz\/new\/membres\/","title":{"rendered":"ANNUAIRE"},"content":{"rendered":"<div class='rt-container-fluid rt-team-container rt-pos-r rt-team-container-2125' id='rt-team-container-4174670549'  data-layout='layout1' data-desktop-col='5'  data-tab-col='2'  data-mobile-col='1' data-sc-id='2125' data-popup-bg=''><div data-title='Loading ...' class='rt-row rt-content-loader layout1 ttp-even ttp-pre-loader'><div class=\"rt-col-md-24 rt-col-sm-6 rt-col-xs-12  even-grid-item rt-grid-item\" data-id=\"2112\"><div class=\"single-team-area\"><div class=\"single-team\"><figure><a class=\"\" data-id=\"2112\" target=\"_self\" href=\"https:\/\/esgee-oran.dz\/new\/team\/mr-m-f-khelfi\/\"><img decoding=\"async\" width=\"150\" height=\"150\" class=\"img-responsive rt-team-img\" alt=\"Pr M.F.KHELFI\" src=\"https:\/\/esgee-oran.dz\/new\/wp-content\/uploads\/2021\/08\/directeuresgee-1-150x150.jpg\" \/><\/a><\/figure><\/div><div class=\"tlp-content\"><h3><span class=\"team-name\"><a class=\"\" data-id=\"2112\" target=\"_self\" title=\"Pr M.F.KHELFI\" href=\"https:\/\/esgee-oran.dz\/new\/team\/mr-m-f-khelfi\/\">Pr M.F.KHELFI<\/a><\/span><\/h3><\/div><div class=\"short-bio\"><p>Directeur<\/p>\n<\/div><div class=\"contact-info\"><ul><li class=\"tlp-email\"><i class=\"far fa-envelope\"><\/i><a href=\"mailto:f.khelfi@mesrs.dz\"><span class=\"tlp-email\">f.khelfi@mesrs.dz<\/span><\/a><\/li><li class=\"tlp-location\"><i class=\"fa fa-map-marker\"><\/i><span class=\"tlp-location\">Oran<\/span><\/li><li class=\"tlp-website\"><a target=\"_blank\" href=\"https:\/\/esgee-oran.dz\/new\/wp-content\/uploads\/2023\/10\/CV-Pr-KHELFI-Mohamed-Faycal-ESGEEO.pdf\"><i class=\"fa fa-globe\"><\/i><span class=\"tlp-url\">https:\/\/esgee-oran.dz\/new\/wp-content\/uploads\/2023\/10\/CV-Pr-KHELFI-Mohamed-Faycal-ESGEEO.pdf<\/span><\/a><\/li><\/ul><\/div><div class=\"social-icons\"><a href=\"https:\/\/esgee-oran.dz\" title=\"globe\" target=\"_blank\"><i class=\"fas fa-globe\"><\/i><\/a><a href=\"mailto:mf_khelfi@yahoo.fr\" title=\"envelope-o\" target=\"_blank\"><i class=\"far fa-envelope\"><\/i><\/a><\/div><\/div><\/div><div class=\"rt-col-md-24 rt-col-sm-6 rt-col-xs-12  even-grid-item rt-grid-item\" data-id=\"2115\"><div class=\"single-team-area\"><div class=\"single-team\"><figure><a class=\"\" data-id=\"2115\" target=\"_self\" href=\"https:\/\/esgee-oran.dz\/new\/team\/mr-f-boutoub\/\"><img decoding=\"async\" width=\"150\" height=\"150\" class=\"img-responsive rt-team-img\" alt=\"Dr F.BOUTOUB\" src=\"https:\/\/esgee-oran.dz\/new\/wp-content\/uploads\/2021\/08\/boutoub-150x150.jpg\" \/><\/a><\/figure><\/div><div class=\"tlp-content\"><h3><span class=\"team-name\"><a class=\"\" data-id=\"2115\" target=\"_self\" title=\"Dr F.BOUTOUB\" href=\"https:\/\/esgee-oran.dz\/new\/team\/mr-f-boutoub\/\">Dr F.BOUTOUB<\/a><\/span><\/h3><\/div><div class=\"short-bio\"><p>Directeur adjoint charg\u00e9 des enseignements, des dipl\u00f4mes et de la formation continue<\/p>\n<\/div><div class=\"contact-info\"><ul><li class=\"tlp-email\"><i class=\"far fa-envelope\"><\/i><a href=\"mailto:boutoub_faycal@esgee-oran.dz\"><span class=\"tlp-email\">boutoub_faycal@esgee-oran.dz<\/span><\/a><\/li><li class=\"tlp-location\"><i class=\"fa fa-map-marker\"><\/i><span class=\"tlp-location\">oran<\/span><\/li><\/ul><\/div><div class=\"social-icons\"><a href=\"mailto:nomour2001@yahoo.fr\" title=\"envelope-o\" target=\"_blank\"><i class=\"far fa-envelope\"><\/i><\/a><\/div><\/div><\/div><div class=\"rt-col-md-24 rt-col-sm-6 rt-col-xs-12  even-grid-item rt-grid-item\" data-id=\"2116\"><div class=\"single-team-area\"><div class=\"single-team\"><figure><a class=\"\" data-id=\"2116\" target=\"_self\" href=\"https:\/\/esgee-oran.dz\/new\/team\/mr-k-m-benabadji\/\"><img decoding=\"async\" width=\"150\" height=\"150\" class=\"img-responsive rt-team-img\" alt=\"Dr K.M.BENABADJI\" src=\"https:\/\/esgee-oran.dz\/new\/wp-content\/uploads\/2021\/08\/banabadji-1-150x150.jpg\" \/><\/a><\/figure><\/div><div class=\"tlp-content\"><h3><span class=\"team-name\"><a class=\"\" data-id=\"2116\" target=\"_self\" title=\"Dr K.M.BENABADJI\" href=\"https:\/\/esgee-oran.dz\/new\/team\/mr-k-m-benabadji\/\">Dr K.M.BENABADJI<\/a><\/span><\/h3><\/div><div class=\"short-bio\"><p>Directeur adjoint charg\u00e9 des syst\u00e8mes d&rsquo;information et de communication et des relations ext\u00e9rieures\t<\/p>\n<\/div><div class=\"contact-info\"><ul><li class=\"tlp-email\"><i class=\"far fa-envelope\"><\/i><a href=\"mailto:benabadji_mostafa_kerim@esgee-oran.dz\"><span class=\"tlp-email\">benabadji_mostafa_kerim@esgee-oran.dz<\/span><\/a><\/li><li class=\"tlp-location\"><i class=\"fa fa-map-marker\"><\/i><span class=\"tlp-location\">oran<\/span><\/li><\/ul><\/div><\/div><\/div><div class=\"rt-col-md-24 rt-col-sm-6 rt-col-xs-12  even-grid-item rt-grid-item\" data-id=\"2117\"><div class=\"single-team-area\"><div class=\"single-team\"><figure><a class=\"\" data-id=\"2117\" target=\"_self\" href=\"https:\/\/esgee-oran.dz\/new\/team\/mr-f-kaddour\/\"><img loading=\"lazy\" decoding=\"async\" width=\"150\" height=\"150\" class=\"img-responsive rt-team-img\" alt=\"Dr F.KADDOUR\" src=\"https:\/\/esgee-oran.dz\/new\/wp-content\/uploads\/2021\/08\/01-scaled-150x150.jpg\" \/><\/a><\/figure><\/div><div class=\"tlp-content\"><h3><span class=\"team-name\"><a class=\"\" data-id=\"2117\" target=\"_self\" title=\"Dr F.KADDOUR\" href=\"https:\/\/esgee-oran.dz\/new\/team\/mr-f-kaddour\/\">Dr F.KADDOUR<\/a><\/span><\/h3><\/div><div class=\"short-bio\"><p>Directeur adjoint charg\u00e9 de la Formation Doctorale, de la Recherche Scientifique et du D\u00e9veloppement Technologique, de l\u2019Innovation et de la Promotion de l\u2019Entrepreneuriat\t<\/p>\n<\/div><div class=\"contact-info\"><ul><li class=\"tlp-email\"><i class=\"far fa-envelope\"><\/i><a href=\"mailto:kaddour_fouad@esgee-oran.dz\"><span class=\"tlp-email\">kaddour_fouad@esgee-oran.dz<\/span><\/a><\/li><li class=\"tlp-location\"><i class=\"fa fa-map-marker\"><\/i><span class=\"tlp-location\">oran<\/span><\/li><\/ul><\/div><div class=\"social-icons\"><a href=\"mailto:fouelectro@yahoo.fr\" title=\"envelope-o\" target=\"_blank\"><i class=\"far fa-envelope\"><\/i><\/a><\/div><\/div><\/div><div class=\"rt-col-md-24 rt-col-sm-6 rt-col-xs-12  even-grid-item rt-grid-item\" data-id=\"2118\"><div class=\"single-team-area\"><div class=\"single-team\"><figure><a class=\"\" data-id=\"2118\" target=\"_self\" href=\"https:\/\/esgee-oran.dz\/new\/team\/mr-o-mahfoud\/\"><img loading=\"lazy\" decoding=\"async\" width=\"150\" height=\"150\" class=\"img-responsive rt-team-img\" alt=\"M. O.MAHFOUD\" src=\"https:\/\/esgee-oran.dz\/new\/wp-content\/uploads\/2021\/08\/mahfoudomar-150x150.jpg\" \/><\/a><\/figure><\/div><div class=\"tlp-content\"><h3><span class=\"team-name\"><a class=\"\" data-id=\"2118\" target=\"_self\" title=\"M. O.MAHFOUD\" href=\"https:\/\/esgee-oran.dz\/new\/team\/mr-o-mahfoud\/\">M. O.MAHFOUD<\/a><\/span><\/h3><\/div><div class=\"short-bio\"><p>Secr\u00e9taire G\u00e9n\u00e9ral<\/p>\n<\/div><div class=\"contact-info\"><ul><li class=\"tlp-email\"><i class=\"far fa-envelope\"><\/i><a href=\"mailto:omarmahfoud19@gmail.com\"><span class=\"tlp-email\">omarmahfoud19@gmail.com<\/span><\/a><\/li><li class=\"tlp-location\"><i class=\"fa fa-map-marker\"><\/i><span class=\"tlp-location\">oran<\/span><\/li><\/ul><\/div><div class=\"social-icons\"><a href=\"mailto:omarmahfoud19@gmail.com\" title=\"envelope-o\" target=\"_blank\"><i class=\"far fa-envelope\"><\/i><\/a><\/div><\/div><\/div><div class=\"rt-loading-overlay\"><\/div><div class=\"rt-loading rt-ball-clip-rotate\"><div><\/div><\/div><\/div><\/div>","protected":false},"excerpt":{"rendered":"","protected":false},"author":1,"featured_media":0,"parent":0,"menu_order":0,"comment_status":"closed","ping_status":"closed","template":"elementor_header_footer","meta":{"ocean_post_layout":"full-screen","ocean_both_sidebars_style":"","ocean_both_sidebars_content_width":0,"ocean_both_sidebars_sidebars_width":0,"ocean_sidebar":"0","ocean_second_sidebar":"0","ocean_disable_margins":"enable","ocean_add_body_class":"","ocean_shortcode_before_top_bar":"","ocean_shortcode_after_top_bar":"","ocean_shortcode_before_header":"","ocean_shortcode_after_header":"","ocean_has_shortcode":"","ocean_shortcode_after_title":"","ocean_shortcode_before_footer_widgets":"","ocean_shortcode_after_footer_widgets":"","ocean_shortcode_before_footer_bottom":"","ocean_shortcode_after_footer_bottom":"","ocean_display_top_bar":"off","ocean_display_header":"on","ocean_header_style":"minimal","ocean_center_header_left_menu":"0","ocean_custom_header_template":"0","ocean_custom_logo":0,"ocean_custom_retina_logo":0,"ocean_custom_logo_max_width":0,"ocean_custom_logo_tablet_max_width":0,"ocean_custom_logo_mobile_max_width":0,"ocean_custom_logo_max_height":0,"ocean_custom_logo_tablet_max_height":0,"ocean_custom_logo_mobile_max_height":0,"ocean_header_custom_menu":"0","ocean_menu_typo_font_family":"0","ocean_menu_typo_font_subset":"","ocean_menu_typo_font_size":0,"ocean_menu_typo_font_size_tablet":0,"ocean_menu_typo_font_size_mobile":0,"ocean_menu_typo_font_size_unit":"px","ocean_menu_typo_font_weight":"","ocean_menu_typo_font_weight_tablet":"","ocean_menu_typo_font_weight_mobile":"","ocean_menu_typo_transform":"","ocean_menu_typo_transform_tablet":"","ocean_menu_typo_transform_mobile":"","ocean_menu_typo_line_height":0,"ocean_menu_typo_line_height_tablet":0,"ocean_menu_typo_line_height_mobile":0,"ocean_menu_typo_line_height_unit":"","ocean_menu_typo_spacing":0,"ocean_menu_typo_spacing_tablet":0,"ocean_menu_typo_spacing_mobile":0,"ocean_menu_typo_spacing_unit":"","ocean_menu_link_color":"","ocean_menu_link_color_hover":"","ocean_menu_link_color_active":"","ocean_menu_link_background":"","ocean_menu_link_hover_background":"","ocean_menu_link_active_background":"","ocean_menu_social_links_bg":"","ocean_menu_social_hover_links_bg":"","ocean_menu_social_links_color":"","ocean_menu_social_hover_links_color":"","ocean_disable_title":"on","ocean_disable_heading":"default","ocean_post_title":"","ocean_post_subheading":"","ocean_post_title_style":"","ocean_post_title_background_color":"","ocean_post_title_background":0,"ocean_post_title_bg_image_position":"","ocean_post_title_bg_image_attachment":"","ocean_post_title_bg_image_repeat":"","ocean_post_title_bg_image_size":"","ocean_post_title_height":0,"ocean_post_title_bg_overlay":0.5,"ocean_post_title_bg_overlay_color":"","ocean_disable_breadcrumbs":"default","ocean_breadcrumbs_color":"","ocean_breadcrumbs_separator_color":"","ocean_breadcrumbs_links_color":"","ocean_breadcrumbs_links_hover_color":"","ocean_display_footer_widgets":"default","ocean_display_footer_bottom":"default","ocean_custom_footer_template":"0","footnotes":""},"class_list":["post-2160","page","type-page","status-publish","hentry","entry"],"_links":{"self":[{"href":"https:\/\/esgee-oran.dz\/new\/wp-json\/wp\/v2\/pages\/2160","targetHints":{"allow":["GET"]}}],"collection":[{"href":"https:\/\/esgee-oran.dz\/new\/wp-json\/wp\/v2\/pages"}],"about":[{"href":"https:\/\/esgee-oran.dz\/new\/wp-json\/wp\/v2\/types\/page"}],"author":[{"embeddable":true,"href":"https:\/\/esgee-oran.dz\/new\/wp-json\/wp\/v2\/users\/1"}],"replies":[{"embeddable":true,"href":"https:\/\/esgee-oran.dz\/new\/wp-json\/wp\/v2\/comments?post=2160"}],"version-history":[{"count":2,"href":"https:\/\/esgee-oran.dz\/new\/wp-json\/wp\/v2\/pages\/2160\/revisions"}],"predecessor-version":[{"id":2163,"href":"https:\/\/esgee-oran.dz\/new\/wp-json\/wp\/v2\/pages\/2160\/revisions\/2163"}],"wp:attachment":[{"href":"https:\/\/esgee-oran.dz\/new\/wp-json\/wp\/v2\/media?parent=2160"}],"curies":[{"name":"wp","href":"https:\/\/api.w.org\/{rel}","templated":true}]}}